{"id":911,"date":"2026-03-09T12:56:24","date_gmt":"2026-03-09T11:56:24","guid":{"rendered":"https:\/\/e2se.fr\/digital-it\/?page_id=911"},"modified":"2026-03-09T13:01:20","modified_gmt":"2026-03-09T12:01:20","slug":"fiches-metiers-e2se-digital-it","status":"publish","type":"page","link":"https:\/\/e2se.fr\/digital-it\/fiches-metiers-e2se-digital-it\/","title":{"rendered":"Fiches M\u00e9tiers &#8211; E2SE Digital IT"},"content":{"rendered":"\n<p class=\"is-style-introduction\">D\u00e9couvrez les m\u00e9tiers de l&rsquo;informatique et du digital avec les <strong>Fiches m\u00e9tiers<\/strong> de l\u2019<strong>E2SE Digital IT<\/strong>. Missions, comp\u00e9tences, parcours et perspectives : tout pour choisir le r\u00f4le qui vous correspond dans l\u2019univers dynamique de l\u2019IT.<\/p>\n\n\n\n<p><\/p>\n","protected":false},"excerpt":{"rendered":"<p>D\u00e9couvrez les m\u00e9tiers de l&rsquo;informatique et du digital avec les Fiches m\u00e9tiers de l\u2019E2SE Digital IT. Missions, comp\u00e9tences, parcours et perspectives : tout pour choisir le r\u00f4le qui vous correspond [&hellip;]<\/p>\n","protected":false},"author":3,"featured_media":0,"parent":0,"menu_order":0,"comment_status":"closed","ping_status":"closed","template":"pages-templates\/page-actualites.php","meta":{"_acf_changed":false,"footnotes":""},"class_list":["post-911","page","type-page","status-publish","hentry"],"acf":[],"yoast_head":"<!-- This site is optimized with the Yoast SEO plugin v27.1.1 - https:\/\/yoast.com\/product\/yoast-seo-wordpress\/ -->\n<title>Fiches M\u00e9tiers - E2SE Digital IT - E2SE Digital IT<\/title>\n<meta name=\"robots\" content=\"index, follow, max-snippet:-1, max-image-preview:large, max-video-preview:-1\" \/>\n<link rel=\"canonical\" href=\"https:\/\/e2se.fr\/digital-it\/fiches-metiers-e2se-digital-it\/\" \/>\n<meta property=\"og:locale\" content=\"fr_FR\" \/>\n<meta property=\"og:type\" content=\"article\" \/>\n<meta property=\"og:title\" content=\"Fiches M\u00e9tiers - E2SE Digital IT - E2SE Digital IT\" \/>\n<meta property=\"og:description\" content=\"D\u00e9couvrez les m\u00e9tiers de l&rsquo;informatique et du digital avec les Fiches m\u00e9tiers de l\u2019E2SE Digital IT. Missions, comp\u00e9tences, parcours et perspectives : tout pour choisir le r\u00f4le qui vous correspond [&hellip;]\" \/>\n<meta property=\"og:url\" content=\"https:\/\/e2se.fr\/digital-it\/fiches-metiers-e2se-digital-it\/\" \/>\n<meta property=\"og:site_name\" content=\"E2SE Digital IT\" \/>\n<meta property=\"article:modified_time\" content=\"2026-03-09T12:01:20+00:00\" \/>\n<meta name=\"twitter:card\" content=\"summary_large_image\" \/>\n<script type=\"application\/ld+json\" class=\"yoast-schema-graph\">{\"@context\":\"https:\/\/schema.org\",\"@graph\":[{\"@type\":\"WebPage\",\"@id\":\"https:\/\/e2se.fr\/digital-it\/fiches-metiers-e2se-digital-it\/\",\"url\":\"https:\/\/e2se.fr\/digital-it\/fiches-metiers-e2se-digital-it\/\",\"name\":\"Fiches M\u00e9tiers - E2SE Digital IT - E2SE Digital IT\",\"isPartOf\":{\"@id\":\"https:\/\/e2se.fr\/digital-it\/#website\"},\"datePublished\":\"2026-03-09T11:56:24+00:00\",\"dateModified\":\"2026-03-09T12:01:20+00:00\",\"breadcrumb\":{\"@id\":\"https:\/\/e2se.fr\/digital-it\/fiches-metiers-e2se-digital-it\/#breadcrumb\"},\"inLanguage\":\"fr-FR\",\"potentialAction\":[{\"@type\":\"ReadAction\",\"target\":[\"https:\/\/e2se.fr\/digital-it\/fiches-metiers-e2se-digital-it\/\"]}]},{\"@type\":\"BreadcrumbList\",\"@id\":\"https:\/\/e2se.fr\/digital-it\/fiches-metiers-e2se-digital-it\/#breadcrumb\",\"itemListElement\":[{\"@type\":\"ListItem\",\"position\":1,\"name\":\"Accueil\",\"item\":\"https:\/\/e2se.fr\/digital-it\/\"},{\"@type\":\"ListItem\",\"position\":2,\"name\":\"Fiches M\u00e9tiers &#8211; E2SE Digital IT\"}]},{\"@type\":\"WebSite\",\"@id\":\"https:\/\/e2se.fr\/digital-it\/#website\",\"url\":\"https:\/\/e2se.fr\/digital-it\/\",\"name\":\"E2SE Digital IT\",\"description\":\"E2SE Business School\",\"potentialAction\":[{\"@type\":\"SearchAction\",\"target\":{\"@type\":\"EntryPoint\",\"urlTemplate\":\"https:\/\/e2se.fr\/digital-it\/?s={search_term_string}\"},\"query-input\":{\"@type\":\"PropertyValueSpecification\",\"valueRequired\":true,\"valueName\":\"search_term_string\"}}],\"inLanguage\":\"fr-FR\"}]}<\/script>\n<!-- \/ Yoast SEO plugin. -->","yoast_head_json":{"title":"Fiches M\u00e9tiers - E2SE Digital IT - E2SE Digital IT","robots":{"index":"index","follow":"follow","max-snippet":"max-snippet:-1","max-image-preview":"max-image-preview:large","max-video-preview":"max-video-preview:-1"},"canonical":"https:\/\/e2se.fr\/digital-it\/fiches-metiers-e2se-digital-it\/","og_locale":"fr_FR","og_type":"article","og_title":"Fiches M\u00e9tiers - E2SE Digital IT - E2SE Digital IT","og_description":"D\u00e9couvrez les m\u00e9tiers de l&rsquo;informatique et du digital avec les Fiches m\u00e9tiers de l\u2019E2SE Digital IT. Missions, comp\u00e9tences, parcours et perspectives : tout pour choisir le r\u00f4le qui vous correspond [&hellip;]","og_url":"https:\/\/e2se.fr\/digital-it\/fiches-metiers-e2se-digital-it\/","og_site_name":"E2SE Digital IT","article_modified_time":"2026-03-09T12:01:20+00:00","twitter_card":"summary_large_image","schema":{"@context":"https:\/\/schema.org","@graph":[{"@type":"WebPage","@id":"https:\/\/e2se.fr\/digital-it\/fiches-metiers-e2se-digital-it\/","url":"https:\/\/e2se.fr\/digital-it\/fiches-metiers-e2se-digital-it\/","name":"Fiches M\u00e9tiers - E2SE Digital IT - E2SE Digital IT","isPartOf":{"@id":"https:\/\/e2se.fr\/digital-it\/#website"},"datePublished":"2026-03-09T11:56:24+00:00","dateModified":"2026-03-09T12:01:20+00:00","breadcrumb":{"@id":"https:\/\/e2se.fr\/digital-it\/fiches-metiers-e2se-digital-it\/#breadcrumb"},"inLanguage":"fr-FR","potentialAction":[{"@type":"ReadAction","target":["https:\/\/e2se.fr\/digital-it\/fiches-metiers-e2se-digital-it\/"]}]},{"@type":"BreadcrumbList","@id":"https:\/\/e2se.fr\/digital-it\/fiches-metiers-e2se-digital-it\/#breadcrumb","itemListElement":[{"@type":"ListItem","position":1,"name":"Accueil","item":"https:\/\/e2se.fr\/digital-it\/"},{"@type":"ListItem","position":2,"name":"Fiches M\u00e9tiers &#8211; E2SE Digital IT"}]},{"@type":"WebSite","@id":"https:\/\/e2se.fr\/digital-it\/#website","url":"https:\/\/e2se.fr\/digital-it\/","name":"E2SE Digital IT","description":"E2SE Business School","potentialAction":[{"@type":"SearchAction","target":{"@type":"EntryPoint","urlTemplate":"https:\/\/e2se.fr\/digital-it\/?s={search_term_string}"},"query-input":{"@type":"PropertyValueSpecification","valueRequired":true,"valueName":"search_term_string"}}],"inLanguage":"fr-FR"}]}},"_links":{"self":[{"href":"https:\/\/e2se.fr\/digital-it\/wp-json\/wp\/v2\/pages\/911","targetHints":{"allow":["GET"]}}],"collection":[{"href":"https:\/\/e2se.fr\/digital-it\/wp-json\/wp\/v2\/pages"}],"about":[{"href":"https:\/\/e2se.fr\/digital-it\/wp-json\/wp\/v2\/types\/page"}],"author":[{"embeddable":true,"href":"https:\/\/e2se.fr\/digital-it\/wp-json\/wp\/v2\/users\/3"}],"replies":[{"embeddable":true,"href":"https:\/\/e2se.fr\/digital-it\/wp-json\/wp\/v2\/comments?post=911"}],"version-history":[{"count":3,"href":"https:\/\/e2se.fr\/digital-it\/wp-json\/wp\/v2\/pages\/911\/revisions"}],"predecessor-version":[{"id":915,"href":"https:\/\/e2se.fr\/digital-it\/wp-json\/wp\/v2\/pages\/911\/revisions\/915"}],"wp:attachment":[{"href":"https:\/\/e2se.fr\/digital-it\/wp-json\/wp\/v2\/media?parent=911"}],"curies":[{"name":"wp","href":"https:\/\/api.w.org\/{rel}","templated":true}]}}