{"id":982,"date":"2024-09-25T08:03:41","date_gmt":"2024-09-25T06:03:41","guid":{"rendered":"https:\/\/e2se.fr\/immobilier\/?page_id=982"},"modified":"2024-09-25T12:10:01","modified_gmt":"2024-09-25T10:10:01","slug":"nos-campus-e2se-immobilier","status":"publish","type":"page","link":"https:\/\/e2se.fr\/immobilier\/nos-campus-e2se-immobilier\/","title":{"rendered":"Nos campus"},"content":{"rendered":"\n<p class=\"is-style-introduction\">L&rsquo;\u00e9cole E2SE Immobilier, \u00c9cole Sup\u00e9rieure des Experts en Immobilier, Notariat et Design d&rsquo;Espace, est pr\u00e9sente sur deux campus, situ\u00e9s respectivement \u00e0 Caen, Campus 1 et au Havre, Campus Le Colbert, offrant ainsi une flexibilit\u00e9 g\u00e9ographique et des infrastructures modernes dans chacune de ces villes. Chaque \u00e9cole sup\u00e9rieure offre un cadre adapt\u00e9 pour favoriser l\u2019\u00e9panouissement de ses \u00e9tudiants, avec des campus sp\u00e9cialement d\u00e9di\u00e9s aux diff\u00e9rentes sp\u00e9cialit\u00e9s.<\/p>\n\n\n\n<h3 class=\"wp-block-heading has-main-color-color has-text-color has-link-color wp-elements-356d2d80178851cc90391552732944da\">E2SE Immobilier AU CAMPUS 1 \u2022\u00a0CAEN :<\/h3>\n\n\n\n<p>Notre \u00e9cole sp\u00e9cialis\u00e9e dans l&rsquo;immobilier se situe au Campus 1, au 4 rue des Mouettes \u00e0 Caen. Ce campus de 2 500 m\u00b2 est enti\u00e8rement d\u00e9di\u00e9 \u00e0 la formation et \u00e0 la vie \u00e9tudiante. Id\u00e9alement situ\u00e9 \u00e0 proximit\u00e9 de la Colline aux Oiseaux, un parc paysager de 17 hectares, il est \u00e9galement proche de nombreux commerces et services municipaux, y compris des infrastructures sportives. <strong>Nos \u00e9tudiants b\u00e9n\u00e9ficient d\u2019\u00e9quipements modernes et adapt\u00e9s aux exigences de leurs formations, notamment :<\/strong><\/p>\n\n\n\n<ul class=\"wp-block-list\">\n<li>Un amphith\u00e9\u00e2tre<\/li>\n\n\n\n<li>Des espaces de coworking<\/li>\n\n\n\n<li>Un espace afterwork<\/li>\n\n\n\n<li>Des p\u00f4les informatiques avec plus de 100 iMacs et 300 PC<\/li>\n\n\n\n<li>Des salles enti\u00e8rement \u00e9quip\u00e9es (vid\u00e9oprojecteurs, etc.)<\/li>\n\n\n\n<li>Des salles de formation adapt\u00e9es<\/li>\n\n\n\n<li>Une caf\u00e9t\u00e9ria (distributeurs, micro-ondes, fontaines \u00e0 eau)<\/li>\n\n\n\n<li>Des espaces de d\u00e9tente<\/li>\n<\/ul>\n\n\n\n<div class=\"wp-block-buttons is-content-justification-center is-layout-flex wp-container-core-buttons-is-layout-a89b3969 wp-block-buttons-is-layout-flex\">\n<div class=\"wp-block-button\"><a class=\"wp-block-button__link wp-element-button\" href=\"https:\/\/my.matterport.com\/show\/?m=HFwG8QLPgQB&amp;fbclid=IwAR3RdRq17cSNw431gTO8mIO6A972mPOQlKlGMeiq6I8hMD62TB1MZ9Roy2M\"><strong>VISITE VIRTUELLE<\/strong><\/a><\/div>\n<\/div>\n\n\n\n<p><\/p>\n\n\n\n<figure class=\"wp-block-gallery has-nested-images columns-default is-cropped wp-block-gallery-1 is-layout-flex wp-block-gallery-is-layout-flex\">\n<figure class=\"wp-block-image size-large\"><img loading=\"lazy\" decoding=\"async\" width=\"1024\" height=\"860\" data-id=\"983\" src=\"https:\/\/e2se.fr\/immobilier\/wp-content\/uploads\/sites\/39\/2024\/09\/Capture-decran-2024-09-25-a-07.59.13-1024x860.png\" alt=\"\" class=\"wp-image-983\" srcset=\"https:\/\/e2se.fr\/immobilier\/wp-content\/uploads\/sites\/39\/2024\/09\/Capture-decran-2024-09-25-a-07.59.13-1024x860.png 1024w, https:\/\/e2se.fr\/immobilier\/wp-content\/uploads\/sites\/39\/2024\/09\/Capture-decran-2024-09-25-a-07.59.13-300x252.png 300w, https:\/\/e2se.fr\/immobilier\/wp-content\/uploads\/sites\/39\/2024\/09\/Capture-decran-2024-09-25-a-07.59.13-768x645.png 768w, https:\/\/e2se.fr\/immobilier\/wp-content\/uploads\/sites\/39\/2024\/09\/Capture-decran-2024-09-25-a-07.59.13-1536x1290.png 1536w, https:\/\/e2se.fr\/immobilier\/wp-content\/uploads\/sites\/39\/2024\/09\/Capture-decran-2024-09-25-a-07.59.13-400x336.png 400w, https:\/\/e2se.fr\/immobilier\/wp-content\/uploads\/sites\/39\/2024\/09\/Capture-decran-2024-09-25-a-07.59.13.png 1612w\" sizes=\"auto, (max-width: 1024px) 100vw, 1024px\" \/><\/figure>\n<\/figure>\n\n\n\n<p>Le campus est accessible aux personnes en situation de handicap et dispose d&rsquo;une place de parking r\u00e9serv\u00e9e sur l&rsquo;espace public, juste devant l&rsquo;\u00e9cole. <strong>Mais ce n\u2019est pas tout ! Les \u00e9tudiants en Immobilier, Notariat et Design d\u2019Espace disposent de salles sp\u00e9cifiques pour leur apprentissage, telles que :<\/strong><\/p>\n\n\n\n<ul class=\"wp-block-list\">\n<li>Une salle 3D<\/li>\n\n\n\n<li>Une salle de cr\u00e9ativit\u00e9<\/li>\n\n\n\n<li>Une salle design avec une mat\u00e9riauth\u00e8que<\/li>\n<\/ul>\n\n\n\n<div class=\"wp-block-columns is-layout-flex wp-container-core-columns-is-layout-28f84493 wp-block-columns-is-layout-flex\">\n<div class=\"wp-block-column is-layout-flow wp-block-column-is-layout-flow\">\n<figure class=\"wp-block-gallery has-nested-images columns-default is-cropped wp-block-gallery-2 is-layout-flex wp-block-gallery-is-layout-flex\">\n<figure class=\"wp-block-image alignfull size-large\"><img loading=\"lazy\" decoding=\"async\" width=\"1024\" height=\"673\" data-id=\"984\" src=\"https:\/\/e2se.fr\/immobilier\/wp-content\/uploads\/sites\/39\/2024\/09\/logiciels-1024x673.jpg\" alt=\"\" class=\"wp-image-984\" srcset=\"https:\/\/e2se.fr\/immobilier\/wp-content\/uploads\/sites\/39\/2024\/09\/logiciels-1024x673.jpg 1024w, https:\/\/e2se.fr\/immobilier\/wp-content\/uploads\/sites\/39\/2024\/09\/logiciels-300x197.jpg 300w, https:\/\/e2se.fr\/immobilier\/wp-content\/uploads\/sites\/39\/2024\/09\/logiciels-768x505.jpg 768w, https:\/\/e2se.fr\/immobilier\/wp-content\/uploads\/sites\/39\/2024\/09\/logiciels-400x263.jpg 400w, https:\/\/e2se.fr\/immobilier\/wp-content\/uploads\/sites\/39\/2024\/09\/logiciels.jpg 1536w\" sizes=\"auto, (max-width: 1024px) 100vw, 1024px\" \/><\/figure>\n<\/figure>\n<\/div>\n\n\n\n<div class=\"wp-block-column is-layout-flow wp-block-column-is-layout-flow\">\n<p><strong>Ils ont \u00e9galement acc\u00e8s \u00e0 des ordinateurs performants dot\u00e9s de logiciels sp\u00e9cialis\u00e9s, incluant :<\/strong><\/p>\n\n\n\n<ul class=\"wp-block-list\">\n<li><strong>Twinmotion<\/strong> : Logiciel d\u2019architecture<\/li>\n\n\n\n<li><strong>Batip\u00e9dia<\/strong> : R\u00e9f\u00e9rence technique et r\u00e9glementaire du b\u00e2timent<\/li>\n\n\n\n<li><strong>AutoCAD<\/strong> : Conception 2D et 3D<\/li>\n\n\n\n<li><strong>SketchUp<\/strong> : Mod\u00e9lisation 3D, animation et cartographie pour l\u2019architecture<\/li>\n\n\n\n<li><strong>Allplan<\/strong> : Conception assist\u00e9e&#8230;<\/li>\n<\/ul>\n<\/div>\n<\/div>\n\n\n\n<div id=\"infos-pratiques-block_0ce779713fbae0744d0e86a82e44bb91\" class=\"infos-pratiques-block\"> \n    <div class=\"card-infos\">\n        <span class=\"title\">Infos pratiques<\/span>\n        <div class=\"content-infos\">\n            <div class=\"content-infos-first\">\n                <div class=\"content-address\">\n                    <p>4 rue des mouettes<br \/>\n14000 CAEN<\/p>\n                <\/div>\n                                    <div class=\"content-tel\">\n                        <a href=\"tel:0231533030\"><span class=\"label\">T\u00e9l. : <\/span>02 31 53 30 30<\/a>\n                    <\/div>\n                            <\/div>\n                            <div class=\"content-infos-second\">\n                                            <a class=\"btn is-full\" href=\"mailto:contact@e2se.fr\"><span class=\"fa-regular fa-envelope\"><\/span> Envoyer un email<\/a>\n                                    <\/div>\n                    <\/div>\n    <\/div>\n<\/div>\n\n\n<h3 class=\"wp-block-heading has-main-color-color has-text-color has-link-color wp-elements-3ce150e043ad94f5a8b9c13beab53ee6\">E2SE IMMOBILIER AU HAVRE :<\/h3>\n\n\n\n<p>L&rsquo;E2SE Immobilier est \u00e9galement pr\u00e9sente sur notre tout nouveau campus au Havre. Le Campus Le Havre, situ\u00e9 au c\u0153ur du quartier Colbert, b\u00e9n\u00e9ficie d\u2019un emplacement privil\u00e9gi\u00e9 dans une ville en pleine expansion. Il est id\u00e9alement positionn\u00e9 face au Port et aux Docks, offrant un acc\u00e8s facile gr\u00e2ce aux nombreux moyens de transport en commun \u00e0 proximit\u00e9. <strong>\u00c0 l\u2019int\u00e9rieur du campus, les \u00e9tudiants disposent d&rsquo;infrastructures modernes adapt\u00e9es \u00e0 leurs formations, notamment :<\/strong><\/p>\n\n\n\n<ul class=\"wp-block-list\">\n<li>Des espaces de coworking<\/li>\n\n\n\n<li>Un espace afterwork<\/li>\n\n\n\n<li>Un p\u00f4le informatique (iMac et PC)<\/li>\n\n\n\n<li>Des salles enti\u00e8rement \u00e9quip\u00e9es (vid\u00e9oprojecteurs, etc.)<\/li>\n\n\n\n<li>Des salles de formation adapt\u00e9es<\/li>\n\n\n\n<li>Une caf\u00e9t\u00e9ria (distributeurs, micro-ondes, fontaines \u00e0 eau)<\/li>\n\n\n\n<li>Des espaces de d\u00e9tente propices au bien-\u00eatre<\/li>\n<\/ul>\n\n\n\n<div class=\"wp-block-buttons is-content-justification-center is-layout-flex wp-container-core-buttons-is-layout-a89b3969 wp-block-buttons-is-layout-flex\">\n<div class=\"wp-block-button\"><a class=\"wp-block-button__link wp-element-button\" href=\"https:\/\/www.youtube.com\/watch?v=6QuiMoh-cME&amp;feature=youtu.be\"><strong>VISITE VIRTUELLE<\/strong><\/a><\/div>\n<\/div>\n\n\n\n<p><\/p>\n\n\n\n<figure class=\"wp-block-gallery has-nested-images columns-default is-cropped wp-block-gallery-3 is-layout-flex wp-block-gallery-is-layout-flex\">\n<figure class=\"wp-block-image size-large\"><img loading=\"lazy\" decoding=\"async\" width=\"1024\" height=\"836\" data-id=\"987\" src=\"https:\/\/e2se.fr\/immobilier\/wp-content\/uploads\/sites\/39\/2024\/09\/Capture-decran-2024-09-25-a-08.05.34-1024x836.png\" alt=\"\" class=\"wp-image-987\" srcset=\"https:\/\/e2se.fr\/immobilier\/wp-content\/uploads\/sites\/39\/2024\/09\/Capture-decran-2024-09-25-a-08.05.34-1024x836.png 1024w, https:\/\/e2se.fr\/immobilier\/wp-content\/uploads\/sites\/39\/2024\/09\/Capture-decran-2024-09-25-a-08.05.34-300x245.png 300w, https:\/\/e2se.fr\/immobilier\/wp-content\/uploads\/sites\/39\/2024\/09\/Capture-decran-2024-09-25-a-08.05.34-768x627.png 768w, https:\/\/e2se.fr\/immobilier\/wp-content\/uploads\/sites\/39\/2024\/09\/Capture-decran-2024-09-25-a-08.05.34-1536x1254.png 1536w, https:\/\/e2se.fr\/immobilier\/wp-content\/uploads\/sites\/39\/2024\/09\/Capture-decran-2024-09-25-a-08.05.34-400x326.png 400w, https:\/\/e2se.fr\/immobilier\/wp-content\/uploads\/sites\/39\/2024\/09\/Capture-decran-2024-09-25-a-08.05.34.png 1610w\" sizes=\"auto, (max-width: 1024px) 100vw, 1024px\" \/><\/figure>\n<\/figure>\n\n\n\n<div id=\"infos-pratiques-block_eb48c786a6d07ea77bece05855e7f77e\" class=\"infos-pratiques-block\"> \n    <div class=\"card-infos\">\n        <span class=\"title\">Infos pratiques<\/span>\n        <div class=\"content-infos\">\n            <div class=\"content-infos-first\">\n                <div class=\"content-address\">\n                    <p>12 Cr Commandant Fratacci<br \/>\n76600 LE HAVRE<\/p>\n                <\/div>\n                                    <div class=\"content-tel\">\n                        <a href=\"tel:0231533030\"><span class=\"label\">T\u00e9l. : <\/span>02 31 53 30 30<\/a>\n                    <\/div>\n                            <\/div>\n                            <div class=\"content-infos-second\">\n                                            <a class=\"btn is-full\" href=\"mailto:contact@e2se.fr\"><span class=\"fa-regular fa-envelope\"><\/span> Envoyer un email<\/a>\n                                    <\/div>\n                    <\/div>\n    <\/div>\n<\/div>","protected":false},"excerpt":{"rendered":"<p>L&rsquo;\u00e9cole E2SE Immobilier, \u00c9cole Sup\u00e9rieure des Experts en Immobilier, Notariat et Design d&rsquo;Espace, est pr\u00e9sente sur deux campus, situ\u00e9s respectivement \u00e0 Caen, Campus 1 et au Havre, Campus Le Colbert, [&hellip;]<\/p>\n","protected":false},"author":6,"featured_media":0,"parent":0,"menu_order":0,"comment_status":"closed","ping_status":"closed","template":"","meta":{"_acf_changed":false,"footnotes":""},"class_list":["post-982","page","type-page","status-publish","hentry"],"acf":[],"yoast_head":"<!-- This site is optimized with the Yoast SEO plugin v27.1.1 - https:\/\/yoast.com\/product\/yoast-seo-wordpress\/ -->\n<title>Nos Campus \u2022 E2SE Immobilier \u00e0 CAEN et au HAVRE<\/title>\n<meta name=\"description\" content=\"Nos Campus E2SE Immobilier \u2022 Notre \u00e9cole sp\u00e9cialis\u00e9e dans l&#039;immobilier se situe au Campus 1, au 4 rue des Mouettes \u00e0 Caen\" \/>\n<meta name=\"robots\" content=\"index, follow, max-snippet:-1, max-image-preview:large, max-video-preview:-1\" \/>\n<link rel=\"canonical\" href=\"https:\/\/e2se.fr\/immobilier\/nos-campus-e2se-immobilier\/\" \/>\n<meta property=\"og:locale\" content=\"fr_FR\" \/>\n<meta property=\"og:type\" content=\"article\" \/>\n<meta property=\"og:title\" content=\"Nos Campus \u2022 E2SE Immobilier \u00e0 CAEN et au HAVRE\" \/>\n<meta property=\"og:description\" content=\"Nos Campus E2SE Immobilier \u2022 Notre \u00e9cole sp\u00e9cialis\u00e9e dans l&#039;immobilier se situe au Campus 1, au 4 rue des Mouettes \u00e0 Caen\" \/>\n<meta property=\"og:url\" content=\"https:\/\/e2se.fr\/immobilier\/nos-campus-e2se-immobilier\/\" \/>\n<meta property=\"og:site_name\" content=\"E2SE Immobilier\" \/>\n<meta property=\"article:modified_time\" content=\"2024-09-25T10:10:01+00:00\" \/>\n<meta property=\"og:image\" content=\"https:\/\/e2se.fr\/immobilier\/wp-content\/uploads\/sites\/39\/2024\/09\/Capture-decran-2024-09-25-a-07.59.13-1024x860.png\" \/>\n<meta name=\"twitter:card\" content=\"summary_large_image\" \/>\n<meta name=\"twitter:label1\" content=\"Dur\u00e9e de lecture estim\u00e9e\" \/>\n\t<meta name=\"twitter:data1\" content=\"2 minutes\" \/>\n<script type=\"application\/ld+json\" class=\"yoast-schema-graph\">{\"@context\":\"https:\/\/schema.org\",\"@graph\":[{\"@type\":\"WebPage\",\"@id\":\"https:\/\/e2se.fr\/immobilier\/nos-campus-e2se-immobilier\/\",\"url\":\"https:\/\/e2se.fr\/immobilier\/nos-campus-e2se-immobilier\/\",\"name\":\"Nos Campus \u2022 E2SE Immobilier \u00e0 CAEN et au HAVRE\",\"isPartOf\":{\"@id\":\"https:\/\/e2se.fr\/immobilier\/#website\"},\"primaryImageOfPage\":{\"@id\":\"https:\/\/e2se.fr\/immobilier\/nos-campus-e2se-immobilier\/#primaryimage\"},\"image\":{\"@id\":\"https:\/\/e2se.fr\/immobilier\/nos-campus-e2se-immobilier\/#primaryimage\"},\"thumbnailUrl\":\"https:\/\/e2se.fr\/immobilier\/wp-content\/uploads\/sites\/39\/2024\/09\/Capture-decran-2024-09-25-a-07.59.13-1024x860.png\",\"datePublished\":\"2024-09-25T06:03:41+00:00\",\"dateModified\":\"2024-09-25T10:10:01+00:00\",\"description\":\"Nos Campus E2SE Immobilier \u2022 Notre \u00e9cole sp\u00e9cialis\u00e9e dans l'immobilier se situe au Campus 1, au 4 rue des Mouettes \u00e0 Caen\",\"breadcrumb\":{\"@id\":\"https:\/\/e2se.fr\/immobilier\/nos-campus-e2se-immobilier\/#breadcrumb\"},\"inLanguage\":\"fr-FR\",\"potentialAction\":[{\"@type\":\"ReadAction\",\"target\":[\"https:\/\/e2se.fr\/immobilier\/nos-campus-e2se-immobilier\/\"]}]},{\"@type\":\"ImageObject\",\"inLanguage\":\"fr-FR\",\"@id\":\"https:\/\/e2se.fr\/immobilier\/nos-campus-e2se-immobilier\/#primaryimage\",\"url\":\"https:\/\/e2se.fr\/immobilier\/wp-content\/uploads\/sites\/39\/2024\/09\/Capture-decran-2024-09-25-a-07.59.13.png\",\"contentUrl\":\"https:\/\/e2se.fr\/immobilier\/wp-content\/uploads\/sites\/39\/2024\/09\/Capture-decran-2024-09-25-a-07.59.13.png\",\"width\":1612,\"height\":1354},{\"@type\":\"BreadcrumbList\",\"@id\":\"https:\/\/e2se.fr\/immobilier\/nos-campus-e2se-immobilier\/#breadcrumb\",\"itemListElement\":[{\"@type\":\"ListItem\",\"position\":1,\"name\":\"Accueil\",\"item\":\"https:\/\/e2se.fr\/immobilier\/\"},{\"@type\":\"ListItem\",\"position\":2,\"name\":\"Nos campus\"}]},{\"@type\":\"WebSite\",\"@id\":\"https:\/\/e2se.fr\/immobilier\/#website\",\"url\":\"https:\/\/e2se.fr\/immobilier\/\",\"name\":\"E2SE Immobilier\",\"description\":\"E2SE Business School\",\"potentialAction\":[{\"@type\":\"SearchAction\",\"target\":{\"@type\":\"EntryPoint\",\"urlTemplate\":\"https:\/\/e2se.fr\/immobilier\/?s={search_term_string}\"},\"query-input\":{\"@type\":\"PropertyValueSpecification\",\"valueRequired\":true,\"valueName\":\"search_term_string\"}}],\"inLanguage\":\"fr-FR\"}]}<\/script>\n<!-- \/ Yoast SEO plugin. -->","yoast_head_json":{"title":"Nos Campus \u2022 E2SE Immobilier \u00e0 CAEN et au HAVRE","description":"Nos Campus E2SE Immobilier \u2022 Notre \u00e9cole sp\u00e9cialis\u00e9e dans l'immobilier se situe au Campus 1, au 4 rue des Mouettes \u00e0 Caen","robots":{"index":"index","follow":"follow","max-snippet":"max-snippet:-1","max-image-preview":"max-image-preview:large","max-video-preview":"max-video-preview:-1"},"canonical":"https:\/\/e2se.fr\/immobilier\/nos-campus-e2se-immobilier\/","og_locale":"fr_FR","og_type":"article","og_title":"Nos Campus \u2022 E2SE Immobilier \u00e0 CAEN et au HAVRE","og_description":"Nos Campus E2SE Immobilier \u2022 Notre \u00e9cole sp\u00e9cialis\u00e9e dans l'immobilier se situe au Campus 1, au 4 rue des Mouettes \u00e0 Caen","og_url":"https:\/\/e2se.fr\/immobilier\/nos-campus-e2se-immobilier\/","og_site_name":"E2SE Immobilier","article_modified_time":"2024-09-25T10:10:01+00:00","og_image":[{"url":"https:\/\/e2se.fr\/immobilier\/wp-content\/uploads\/sites\/39\/2024\/09\/Capture-decran-2024-09-25-a-07.59.13-1024x860.png","type":"","width":"","height":""}],"twitter_card":"summary_large_image","twitter_misc":{"Dur\u00e9e de lecture estim\u00e9e":"2 minutes"},"schema":{"@context":"https:\/\/schema.org","@graph":[{"@type":"WebPage","@id":"https:\/\/e2se.fr\/immobilier\/nos-campus-e2se-immobilier\/","url":"https:\/\/e2se.fr\/immobilier\/nos-campus-e2se-immobilier\/","name":"Nos Campus \u2022 E2SE Immobilier \u00e0 CAEN et au HAVRE","isPartOf":{"@id":"https:\/\/e2se.fr\/immobilier\/#website"},"primaryImageOfPage":{"@id":"https:\/\/e2se.fr\/immobilier\/nos-campus-e2se-immobilier\/#primaryimage"},"image":{"@id":"https:\/\/e2se.fr\/immobilier\/nos-campus-e2se-immobilier\/#primaryimage"},"thumbnailUrl":"https:\/\/e2se.fr\/immobilier\/wp-content\/uploads\/sites\/39\/2024\/09\/Capture-decran-2024-09-25-a-07.59.13-1024x860.png","datePublished":"2024-09-25T06:03:41+00:00","dateModified":"2024-09-25T10:10:01+00:00","description":"Nos Campus E2SE Immobilier \u2022 Notre \u00e9cole sp\u00e9cialis\u00e9e dans l'immobilier se situe au Campus 1, au 4 rue des Mouettes \u00e0 Caen","breadcrumb":{"@id":"https:\/\/e2se.fr\/immobilier\/nos-campus-e2se-immobilier\/#breadcrumb"},"inLanguage":"fr-FR","potentialAction":[{"@type":"ReadAction","target":["https:\/\/e2se.fr\/immobilier\/nos-campus-e2se-immobilier\/"]}]},{"@type":"ImageObject","inLanguage":"fr-FR","@id":"https:\/\/e2se.fr\/immobilier\/nos-campus-e2se-immobilier\/#primaryimage","url":"https:\/\/e2se.fr\/immobilier\/wp-content\/uploads\/sites\/39\/2024\/09\/Capture-decran-2024-09-25-a-07.59.13.png","contentUrl":"https:\/\/e2se.fr\/immobilier\/wp-content\/uploads\/sites\/39\/2024\/09\/Capture-decran-2024-09-25-a-07.59.13.png","width":1612,"height":1354},{"@type":"BreadcrumbList","@id":"https:\/\/e2se.fr\/immobilier\/nos-campus-e2se-immobilier\/#breadcrumb","itemListElement":[{"@type":"ListItem","position":1,"name":"Accueil","item":"https:\/\/e2se.fr\/immobilier\/"},{"@type":"ListItem","position":2,"name":"Nos campus"}]},{"@type":"WebSite","@id":"https:\/\/e2se.fr\/immobilier\/#website","url":"https:\/\/e2se.fr\/immobilier\/","name":"E2SE Immobilier","description":"E2SE Business School","potentialAction":[{"@type":"SearchAction","target":{"@type":"EntryPoint","urlTemplate":"https:\/\/e2se.fr\/immobilier\/?s={search_term_string}"},"query-input":{"@type":"PropertyValueSpecification","valueRequired":true,"valueName":"search_term_string"}}],"inLanguage":"fr-FR"}]}},"_links":{"self":[{"href":"https:\/\/e2se.fr\/immobilier\/wp-json\/wp\/v2\/pages\/982","targetHints":{"allow":["GET"]}}],"collection":[{"href":"https:\/\/e2se.fr\/immobilier\/wp-json\/wp\/v2\/pages"}],"about":[{"href":"https:\/\/e2se.fr\/immobilier\/wp-json\/wp\/v2\/types\/page"}],"author":[{"embeddable":true,"href":"https:\/\/e2se.fr\/immobilier\/wp-json\/wp\/v2\/users\/6"}],"replies":[{"embeddable":true,"href":"https:\/\/e2se.fr\/immobilier\/wp-json\/wp\/v2\/comments?post=982"}],"version-history":[{"count":9,"href":"https:\/\/e2se.fr\/immobilier\/wp-json\/wp\/v2\/pages\/982\/revisions"}],"predecessor-version":[{"id":998,"href":"https:\/\/e2se.fr\/immobilier\/wp-json\/wp\/v2\/pages\/982\/revisions\/998"}],"wp:attachment":[{"href":"https:\/\/e2se.fr\/immobilier\/wp-json\/wp\/v2\/media?parent=982"}],"curies":[{"name":"wp","href":"https:\/\/api.w.org\/{rel}","templated":true}]}}